{"id":139,"date":"2019-02-14T10:16:14","date_gmt":"2019-02-14T10:16:14","guid":{"rendered":"http:\/\/anwalt-e.de\/?page_id=139"},"modified":"2019-02-14T10:18:19","modified_gmt":"2019-02-14T10:18:19","slug":"kontakt","status":"publish","type":"page","link":"https:\/\/anwalt-e.de\/?page_id=139","title":{"rendered":"Kontakt"},"content":{"rendered":"\n<p><strong> Rechtsanw\u00e4lte Robert u. Kollegen<\/strong><br>\nS\u00f6gestra\u00dfe 34<br>\n(Eingang Pelzerstra\u00dfe 4)<br>\n28195 Bremen<br>\n<a href=\"https:\/\/www.google.de\/maps\/place\/Robert+%26+Kollegen\/@53.0777787,8.8067644,19.5z\/data=!4m2!3m1!1s0x47b12810da7b8187:0x49d4c499fb6e11d5\" target=\"_blank\" rel=\"noreferrer noopener\">Google Maps<\/a><\/p>\n\n\n\n<p><strong>Mo. bis Fr. von 9 bis 18 Uhr<\/strong><br>\n<a href=\"tel:0421321121\">Tel.: 0421 321121<\/a><br>\n<a href=\"tel:0421321122\">Tel.: 0421 321122<\/a><br>\nFax.: 0421 18944<br>\nInternet:<a href=\"http:\/\/www.anwalt-e.de\">www.anwalt-e.de<\/a><br>\nMail.:<br>\n<a href=\"mailto:segelken@gmx.net\">segelken@gmx.net<\/a><\/p>\n","protected":false},"excerpt":{"rendered":"<p>Rechtsanw\u00e4lte Robert u. Kollegen S\u00f6gestra\u00dfe 34 (Eingang Pelzerstra\u00dfe 4) 28195 Bremen Google Maps Mo. bis Fr. von 9 bis 18 Uhr Tel.: 0421 321121 Tel.: 0421 321122 Fax.: 0421 18944 Internet:www.anwalt-e.de Mail.: segelken@gmx.net<\/p>\n","protected":false},"author":1,"featured_media":0,"parent":0,"menu_order":0,"comment_status":"closed","ping_status":"closed","template":"","meta":[],"_links":{"self":[{"href":"https:\/\/anwalt-e.de\/index.php?rest_route=\/wp\/v2\/pages\/139"}],"collection":[{"href":"https:\/\/anwalt-e.de\/index.php?rest_route=\/wp\/v2\/pages"}],"about":[{"href":"https:\/\/anwalt-e.de\/index.php?rest_route=\/wp\/v2\/types\/page"}],"author":[{"embeddable":true,"href":"https:\/\/anwalt-e.de\/index.php?rest_route=\/wp\/v2\/users\/1"}],"replies":[{"embeddable":true,"href":"https:\/\/anwalt-e.de\/index.php?rest_route=%2Fwp%2Fv2%2Fcomments&post=139"}],"version-history":[{"count":3,"href":"https:\/\/anwalt-e.de\/index.php?rest_route=\/wp\/v2\/pages\/139\/revisions"}],"predecessor-version":[{"id":147,"href":"https:\/\/anwalt-e.de\/index.php?rest_route=\/wp\/v2\/pages\/139\/revisions\/147"}],"wp:attachment":[{"href":"https:\/\/anwalt-e.de\/index.php?rest_route=%2Fwp%2Fv2%2Fmedia&parent=139"}],"curies":[{"name":"wp","href":"https:\/\/api.w.org\/{rel}","templated":true}]}}