{"id":12,"date":"2019-01-28T12:20:20","date_gmt":"2019-01-28T12:20:20","guid":{"rendered":"http:\/\/anwalt-e.de\/?page_id=12"},"modified":"2019-01-28T12:24:36","modified_gmt":"2019-01-28T12:24:36","slug":"kantlei","status":"publish","type":"page","link":"https:\/\/anwalt-e.de\/","title":{"rendered":"Kanzlei"},"content":{"rendered":"\n<p><a href=\"http:\/\/www.anwalt-a.de\/\">Rechtsanwalt Joachim Kempas<\/a>,&nbsp;T\u00e4tigkeitsschwerpunkte: Erbrecht und das&nbsp;Migrationsrecht. Korrespondenzfremdsprachen: Englisch und Franz\u00f6sisch. Die Kanzleianschrift lautet: Pelzerstra\u00dfe 4,&nbsp;28195 Bremen<\/p>\n\n\n\n<p><a href=\"http:\/\/www.anwalt-a.de\/\">Rechtsanwalt Wilhelm Segelken<\/a>, T\u00e4tigkeitsschwerpunkte: Recht der offenen Verm\u00f6gensfragen und Wertpapierrecht. Korrespondenzfremdsprachen: Spanisch, Englisch. Die Kanzleianschrift lautet:&nbsp;Rudolfstra\u00dfe 17,&nbsp;99092 Erfurt (zur Zeit in Bremen)<\/p>\n","protected":false},"excerpt":{"rendered":"<p>Rechtsanwalt Joachim Kempas,&nbsp;T\u00e4tigkeitsschwerpunkte: Erbrecht und das&nbsp;Migrationsrecht. Korrespondenzfremdsprachen: Englisch und Franz\u00f6sisch. Die Kanzleianschrift lautet: Pelzerstra\u00dfe 4,&nbsp;28195 Bremen Rechtsanwalt Wilhelm Segelken, T\u00e4tigkeitsschwerpunkte: Recht der offenen Verm\u00f6gensfragen und Wertpapierrecht. Korrespondenzfremdsprachen: Spanisch, Englisch. Die Kanzleianschrift lautet:&nbsp;Rudolfstra\u00dfe 17,&nbsp;99092 Erfurt (zur Zeit in Bremen)<\/p>\n","protected":false},"author":1,"featured_media":0,"parent":0,"menu_order":0,"comment_status":"closed","ping_status":"closed","template":"","meta":[],"_links":{"self":[{"href":"https:\/\/anwalt-e.de\/index.php?rest_route=\/wp\/v2\/pages\/12"}],"collection":[{"href":"https:\/\/anwalt-e.de\/index.php?rest_route=\/wp\/v2\/pages"}],"about":[{"href":"https:\/\/anwalt-e.de\/index.php?rest_route=\/wp\/v2\/types\/page"}],"author":[{"embeddable":true,"href":"https:\/\/anwalt-e.de\/index.php?rest_route=\/wp\/v2\/users\/1"}],"replies":[{"embeddable":true,"href":"https:\/\/anwalt-e.de\/index.php?rest_route=%2Fwp%2Fv2%2Fcomments&post=12"}],"version-history":[{"count":2,"href":"https:\/\/anwalt-e.de\/index.php?rest_route=\/wp\/v2\/pages\/12\/revisions"}],"predecessor-version":[{"id":17,"href":"https:\/\/anwalt-e.de\/index.php?rest_route=\/wp\/v2\/pages\/12\/revisions\/17"}],"wp:attachment":[{"href":"https:\/\/anwalt-e.de\/index.php?rest_route=%2Fwp%2Fv2%2Fmedia&parent=12"}],"curies":[{"name":"wp","href":"https:\/\/api.w.org\/{rel}","templated":true}]}}